{"id":38,"date":"2022-01-04T18:25:33","date_gmt":"2022-01-04T18:25:33","guid":{"rendered":"https:\/\/alokium.com\/store\/?post_type=product&#038;p=38"},"modified":"2022-01-08T16:26:58","modified_gmt":"2022-01-08T16:26:58","slug":"kit-premium","status":"publish","type":"product","link":"https:\/\/alokium.com\/store\/produto\/kit-premium\/","title":{"rendered":"Kit Premium"},"content":{"rendered":"<p>Com o Kit Premium Alokium voc\u00ea automatiza 15 pontos de ilumina\u00e7\u00e3o na sua casa, port\u00e3o, sensores e ainda ganha de gra\u00e7a a Station!<\/p>\n<p>Conte\u00fado do Kit:<\/p>\n<p>1 Station wi-fi<br \/>\n15 M\u00f3dulos Dimmer<br \/>\n2 M\u00f3dulos Sensores<br \/>\n1 M\u00f3dulo Gate<\/p>\n","protected":false},"excerpt":{"rendered":"<p>Com o Kit Premium Alokium voc\u00ea automatiza 15 pontos de ilumina\u00e7\u00e3o na sua casa, port\u00e3o, sensores e ainda ganha de gra\u00e7a a Station!<\/p>\n","protected":false},"featured_media":58,"template":"","meta":[],"product_brand":[],"product_cat":[25,35,19],"product_tag":[40,41,20],"class_list":{"0":"post-38","1":"product","2":"type-product","3":"status-publish","4":"has-post-thumbnail","6":"product_cat-modulos","7":"product_cat-sensores","8":"product_cat-station","9":"product_tag-automacao-residencial","10":"product_tag-kit-automacao","11":"product_tag-smart-home","13":"first","14":"instock","15":"shipping-taxable","16":"purchasable","17":"product-type-simple"},"jetpack_sharing_enabled":true,"_links":{"self":[{"href":"https:\/\/alokium.com\/store\/wp-json\/wp\/v2\/product\/38","targetHints":{"allow":["GET"]}}],"collection":[{"href":"https:\/\/alokium.com\/store\/wp-json\/wp\/v2\/product"}],"about":[{"href":"https:\/\/alokium.com\/store\/wp-json\/wp\/v2\/types\/product"}],"wp:featuredmedia":[{"embeddable":true,"href":"https:\/\/alokium.com\/store\/wp-json\/wp\/v2\/media\/58"}],"wp:attachment":[{"href":"https:\/\/alokium.com\/store\/wp-json\/wp\/v2\/media?parent=38"}],"wp:term":[{"taxonomy":"product_brand","embeddable":true,"href":"https:\/\/alokium.com\/store\/wp-json\/wp\/v2\/product_brand?post=38"},{"taxonomy":"product_cat","embeddable":true,"href":"https:\/\/alokium.com\/store\/wp-json\/wp\/v2\/product_cat?post=38"},{"taxonomy":"product_tag","embeddable":true,"href":"https:\/\/alokium.com\/store\/wp-json\/wp\/v2\/product_tag?post=38"}],"curies":[{"name":"wp","href":"https:\/\/api.w.org\/{rel}","templated":true}]}}