{"id":36,"date":"2022-01-04T18:20:24","date_gmt":"2022-01-04T18:20:24","guid":{"rendered":"https:\/\/alokium.com\/store\/?post_type=product&#038;p=36"},"modified":"2022-01-08T16:26:58","modified_gmt":"2022-01-08T16:26:58","slug":"kit-starter","status":"publish","type":"product","link":"https:\/\/alokium.com\/store\/produto\/kit-starter\/","title":{"rendered":"Kit Starter"},"content":{"rendered":"<p>Com o Kit Starter Alokium voc\u00ea automatiza 10 pontos de ilumina\u00e7\u00e3o na sua casa e ainda ganha de gra\u00e7a a Station!<\/p>\n","protected":false},"excerpt":{"rendered":"<p>Com o Kit Starter Alokium voc\u00ea automatiza 10 pontos de ilumina\u00e7\u00e3o na sua casa e ainda ganha de gra\u00e7a a Station!<\/p>\n","protected":false},"featured_media":57,"template":"","meta":[],"product_brand":[],"product_cat":[25,19],"product_tag":[],"class_list":{"0":"post-36","1":"product","2":"type-product","3":"status-publish","4":"has-post-thumbnail","6":"product_cat-modulos","7":"product_cat-station","9":"first","10":"instock","11":"shipping-taxable","12":"purchasable","13":"product-type-simple"},"jetpack_sharing_enabled":true,"_links":{"self":[{"href":"https:\/\/alokium.com\/store\/wp-json\/wp\/v2\/product\/36","targetHints":{"allow":["GET"]}}],"collection":[{"href":"https:\/\/alokium.com\/store\/wp-json\/wp\/v2\/product"}],"about":[{"href":"https:\/\/alokium.com\/store\/wp-json\/wp\/v2\/types\/product"}],"wp:featuredmedia":[{"embeddable":true,"href":"https:\/\/alokium.com\/store\/wp-json\/wp\/v2\/media\/57"}],"wp:attachment":[{"href":"https:\/\/alokium.com\/store\/wp-json\/wp\/v2\/media?parent=36"}],"wp:term":[{"taxonomy":"product_brand","embeddable":true,"href":"https:\/\/alokium.com\/store\/wp-json\/wp\/v2\/product_brand?post=36"},{"taxonomy":"product_cat","embeddable":true,"href":"https:\/\/alokium.com\/store\/wp-json\/wp\/v2\/product_cat?post=36"},{"taxonomy":"product_tag","embeddable":true,"href":"https:\/\/alokium.com\/store\/wp-json\/wp\/v2\/product_tag?post=36"}],"curies":[{"name":"wp","href":"https:\/\/api.w.org\/{rel}","templated":true}]}}