{"id":34,"date":"2022-01-04T18:06:48","date_gmt":"2022-01-04T18:06:48","guid":{"rendered":"https:\/\/alokium.com\/store\/?post_type=product&#038;p=34"},"modified":"2022-02-24T23:21:14","modified_gmt":"2022-02-24T23:21:14","slug":"modulo-sensores","status":"publish","type":"product","link":"https:\/\/alokium.com\/store\/produto\/modulo-sensores\/","title":{"rendered":"M\u00f3dulo Sensores"},"content":{"rendered":"<p>O M\u00f3dulo Sensores da Alokium n\u00e3o \u00e9 apenas um sensor de movimento, tamb\u00e9m sensor de temperatura, umidade e de n\u00edvel de ilumina\u00e7\u00e3o. Com ele alem de poder monitorar todos estes dados ao longo do tempo com o nosso aplicativo, tamb\u00e9m \u00e9 poss\u00edvel criar automa\u00e7\u00f5es utilizando os seus sensores, por exemplo: Ligar o meu ventilador quando a temperatura do meu quarto estiver acima de 28 graus celsius, ligar o meu umidificador quando a umidade da cozinha abaixar de 40%, Acender as luzes do corredor e da dispensa quando detectar movimento no corredor da garagem a partir das 15 horas. O c\u00e9u \u00e9 o limite!<\/p>\n","protected":false},"excerpt":{"rendered":"<p>Com sensores de temperatura, umidade, luminosidade e movimento, voc\u00ea pode utilizar ele para ativar cenas, monitorar presen\u00e7a de pessoas, verificar o hist\u00f3rico de temperatura, de umidade, etc.<\/p>\n","protected":false},"featured_media":56,"template":"","meta":[],"product_brand":[],"product_cat":[25,35],"product_tag":[27,38,36,20,37,39],"class_list":{"0":"post-34","1":"product","2":"type-product","3":"status-publish","4":"has-post-thumbnail","6":"product_cat-modulos","7":"product_cat-sensores","8":"product_tag-iluminacao","9":"product_tag-movimento","10":"product_tag-sensores","11":"product_tag-smart-home","12":"product_tag-temperatura","13":"product_tag-umidade","15":"first","16":"instock","17":"shipping-taxable","18":"purchasable","19":"product-type-simple"},"jetpack_sharing_enabled":true,"_links":{"self":[{"href":"https:\/\/alokium.com\/store\/wp-json\/wp\/v2\/product\/34","targetHints":{"allow":["GET"]}}],"collection":[{"href":"https:\/\/alokium.com\/store\/wp-json\/wp\/v2\/product"}],"about":[{"href":"https:\/\/alokium.com\/store\/wp-json\/wp\/v2\/types\/product"}],"wp:featuredmedia":[{"embeddable":true,"href":"https:\/\/alokium.com\/store\/wp-json\/wp\/v2\/media\/56"}],"wp:attachment":[{"href":"https:\/\/alokium.com\/store\/wp-json\/wp\/v2\/media?parent=34"}],"wp:term":[{"taxonomy":"product_brand","embeddable":true,"href":"https:\/\/alokium.com\/store\/wp-json\/wp\/v2\/product_brand?post=34"},{"taxonomy":"product_cat","embeddable":true,"href":"https:\/\/alokium.com\/store\/wp-json\/wp\/v2\/product_cat?post=34"},{"taxonomy":"product_tag","embeddable":true,"href":"https:\/\/alokium.com\/store\/wp-json\/wp\/v2\/product_tag?post=34"}],"curies":[{"name":"wp","href":"https:\/\/api.w.org\/{rel}","templated":true}]}}