{"id":29,"date":"2022-01-04T18:18:46","date_gmt":"2022-01-04T18:18:46","guid":{"rendered":"https:\/\/alokium.com\/store\/?post_type=product&#038;p=29"},"modified":"2022-02-24T23:04:43","modified_gmt":"2022-02-24T23:04:43","slug":"modulo-rgb","status":"publish","type":"product","link":"https:\/\/alokium.com\/store\/produto\/modulo-rgb\/","title":{"rendered":"M\u00f3dulo RGB"},"content":{"rendered":"<p>Deixe seus ambientes coloridos com o m\u00f3dulo RGB da Alokium, com ele voc\u00ea pode usar fitas de LEDs endere\u00e7\u00e1veis, tornando poss\u00edvel criar os mais belos efeitos de luz para sua casa.<\/p>\n<p>Voc\u00ea pode criar automa\u00e7\u00f5es para mudar as cores e efeitos do seu m\u00f3dulo quando o apagador ligar\/desligar, quando a temperatura do sensor de teto mudar e muito mais.<\/p>\n<p>Com o nosso aplicativo voc\u00ea ser\u00e1 capaz de controlar o m\u00f3dulo de qualquer lugar do mundo!<\/p>\n<p>&nbsp;<\/p>\n","protected":false},"excerpt":{"rendered":"<p>Deixe seus ambientes coloridos com o m\u00f3dulo RGB da Alokium, com ele voc\u00ea pode usar fitas de LEDs endere\u00e7\u00e1veis, tornando poss\u00edvel criar os mais belos efeitos de luz para sua casa. Voc\u00ea pode criar automa\u00e7\u00f5es para mudar as cores e efeitos do seu m\u00f3dulo quando&hellip;<\/p>\n","protected":false},"featured_media":54,"template":"","meta":[],"product_brand":[],"product_cat":[25],"product_tag":[21,31,32,30,20],"class_list":{"0":"post-29","1":"product","2":"type-product","3":"status-publish","4":"has-post-thumbnail","6":"product_cat-modulos","7":"product_tag-automacao","8":"product_tag-fita-led","9":"product_tag-lampada-rgb","10":"product_tag-rgb","11":"product_tag-smart-home","13":"first","14":"instock","15":"shipping-taxable","16":"purchasable","17":"product-type-simple"},"jetpack_sharing_enabled":true,"_links":{"self":[{"href":"https:\/\/alokium.com\/store\/wp-json\/wp\/v2\/product\/29","targetHints":{"allow":["GET"]}}],"collection":[{"href":"https:\/\/alokium.com\/store\/wp-json\/wp\/v2\/product"}],"about":[{"href":"https:\/\/alokium.com\/store\/wp-json\/wp\/v2\/types\/product"}],"wp:featuredmedia":[{"embeddable":true,"href":"https:\/\/alokium.com\/store\/wp-json\/wp\/v2\/media\/54"}],"wp:attachment":[{"href":"https:\/\/alokium.com\/store\/wp-json\/wp\/v2\/media?parent=29"}],"wp:term":[{"taxonomy":"product_brand","embeddable":true,"href":"https:\/\/alokium.com\/store\/wp-json\/wp\/v2\/product_brand?post=29"},{"taxonomy":"product_cat","embeddable":true,"href":"https:\/\/alokium.com\/store\/wp-json\/wp\/v2\/product_cat?post=29"},{"taxonomy":"product_tag","embeddable":true,"href":"https:\/\/alokium.com\/store\/wp-json\/wp\/v2\/product_tag?post=29"}],"curies":[{"name":"wp","href":"https:\/\/api.w.org\/{rel}","templated":true}]}}