{"id":15,"date":"2021-12-30T18:27:13","date_gmt":"2021-12-30T18:27:13","guid":{"rendered":"https:\/\/alokium.com\/store\/?post_type=product&#038;p=15"},"modified":"2022-02-24T23:35:14","modified_gmt":"2022-02-24T23:35:14","slug":"modulo-dimmer","status":"publish","type":"product","link":"https:\/\/alokium.com\/store\/produto\/modulo-dimmer\/","title":{"rendered":"M\u00f3dulo Dimmer"},"content":{"rendered":"<p>O nosso M\u00f3dulo Dimmer foi projetado para ser instalado sem alterar o design da sua casa. Ele fica dentro da pr\u00f3pria caixinha do interruptor, sendo imposs\u00edvel identificar que ele est\u00e1 instalado, e o melhor de tudo \u00e9 que seu interruptor continua funcionando normalmente, com a diferen\u00e7a que agora voc\u00ea pode controlar sua ilumina\u00e7\u00e3o por ele, pelo nosso aplicativo ou pelos assistentes virtuais.<\/p>\n<p>Apesar de ser instalado dentro da caixinha do interruptor, voc\u00ea n\u00e3o vai precisar alterar a fia\u00e7\u00e3o da sua casa para que ele funcione, basta que na caixinha tenha entradas de energia &#8220;fase&#8221; e &#8220;neutro&#8221;. A comunica\u00e7\u00e3o do M\u00f3dulo Dimmer com a Station Wi-fi \u00e9 feita de forma sem fio, por isso \u00e9 t\u00e3o simples!\u00a0 Qualquer pessoa com conhecimentos m\u00ednimos de el\u00e9trica consegue instalar os M\u00f3dulos Alokium.<\/p>\n<p>Ele tamb\u00e9m permite o monitoramento de consumo de energia, e com o nosso aplicativo \u00e9 poss\u00edvel monitorar os seus gastos tendo informa\u00e7\u00f5es como qual c\u00f4modo est\u00e1 consumindo mais energia, como foi o consumo da sua casa ao longo da semana e muito mais!<\/p>\n<p>&nbsp;<\/p>\n<p>&nbsp;<\/p>\n","protected":false},"excerpt":{"rendered":"<p>Controla a ilumina\u00e7\u00e3o e os aparelhos el\u00e9tricos de sua casa, com ajuste de intensidade e monitoramento de consumo.<\/p>\n","protected":false},"featured_media":53,"template":"","meta":[],"product_brand":[],"product_cat":[25],"product_tag":[21,26,27,28,20,29],"class_list":{"0":"post-15","1":"product","2":"type-product","3":"status-publish","4":"has-post-thumbnail","6":"product_cat-modulos","7":"product_tag-automacao","8":"product_tag-dimmer","9":"product_tag-iluminacao","10":"product_tag-interruptores","11":"product_tag-smart-home","12":"product_tag-tomadas","14":"first","15":"instock","16":"shipping-taxable","17":"purchasable","18":"product-type-simple"},"jetpack_sharing_enabled":true,"_links":{"self":[{"href":"https:\/\/alokium.com\/store\/wp-json\/wp\/v2\/product\/15","targetHints":{"allow":["GET"]}}],"collection":[{"href":"https:\/\/alokium.com\/store\/wp-json\/wp\/v2\/product"}],"about":[{"href":"https:\/\/alokium.com\/store\/wp-json\/wp\/v2\/types\/product"}],"wp:featuredmedia":[{"embeddable":true,"href":"https:\/\/alokium.com\/store\/wp-json\/wp\/v2\/media\/53"}],"wp:attachment":[{"href":"https:\/\/alokium.com\/store\/wp-json\/wp\/v2\/media?parent=15"}],"wp:term":[{"taxonomy":"product_brand","embeddable":true,"href":"https:\/\/alokium.com\/store\/wp-json\/wp\/v2\/product_brand?post=15"},{"taxonomy":"product_cat","embeddable":true,"href":"https:\/\/alokium.com\/store\/wp-json\/wp\/v2\/product_cat?post=15"},{"taxonomy":"product_tag","embeddable":true,"href":"https:\/\/alokium.com\/store\/wp-json\/wp\/v2\/product_tag?post=15"}],"curies":[{"name":"wp","href":"https:\/\/api.w.org\/{rel}","templated":true}]}}